{"id":523,"date":"2019-04-10T13:56:20","date_gmt":"2019-04-10T11:56:20","guid":{"rendered":"http:\/\/www.promorgins.ch\/?page_id=523"},"modified":"2025-03-19T21:10:03","modified_gmt":"2025-03-19T20:10:03","slug":"articles-test","status":"publish","type":"page","link":"https:\/\/www.promorgins.ch\/","title":{"rendered":""},"content":{"rendered":"\n<p><strong>Propri\u00e9taires \u00e0 Morgins, rejoignez l&rsquo;Association PROMORGINS ! <\/strong><\/p>\n\n\n\n<p>Vous \u00eates propri\u00e9taires d\u2019un chalet ou d\u2019un appartement \u00e0 Morgins ? Voulez-vous contribuer \u00e0 l\u2019am\u00e9lioration de votre station et d\u00e9fendre vos int\u00e9r\u00eats?<\/p>\n\n\n\n<p><strong>PROMORGINS EST L&rsquo;ASSOCIATION QU&rsquo;IL VOUS FAUT !<\/strong><\/p>\n\n\n\n<p>Nous avons pour missions de :<\/p>\n\n\n\n<ul>\n<li><strong>D\u00e9fendre <\/strong>les int\u00e9r\u00eats des propri\u00e9taires;<\/li>\n\n\n\n<li><strong>Am\u00e9liorer <\/strong>la qualit\u00e9 des infrastructures et des am\u00e9nagements;<\/li>\n\n\n\n<li><strong>Entretenir <\/strong>des relations avec les acteurs locaux <em>(autorit\u00e9s, Morgins Tourisme, remont\u00e9es m\u00e9caniques, commer\u00e7ants,\u2026);<\/em><\/li>\n\n\n\n<li><strong>Participer <\/strong>\u00e0 l\u2019animation de la station;<\/li>\n\n\n\n<li><strong>Organiser <\/strong>des commandes group\u00e9es (mazout, bois de chauffage\u2026) \u00e0 des tarifs pr\u00e9f\u00e9rentiels;<\/li>\n\n\n\n<li><strong>Proposer <\/strong>des sorties conviviales et culturelles.<\/li>\n<\/ul>\n\n\n\n<p class=\"has-text-align-center\"><strong>VOUS AVEZ LA PAROLE, VOTRE VOIX COMPTE !<\/strong><\/p>\n\n\n\n<p class=\"has-text-align-center\">Contribuez \u00e0 l&rsquo;am\u00e9lioration de la qualit\u00e9 des infrastructures et des am\u00e9nagements de la station en vue d&rsquo;une croissance harmonieuse de Morgins.<\/p>\n\n\n\n<p><strong>Ne vous demandez<\/strong> pas ce que votre station peut faire pour vous, <strong>demandez-vous<\/strong> ce que <strong>vous<\/strong> pouvez faire pour votre station. <\/p>\n\n\n\n<p><\/p>\n\n\n\n<p style=\"font-size:23px\"><strong>Communications<\/strong><\/p>\n\n\n<div class=\"pt-cv-wrapper\"><div class=\"pt-cv-view pt-cv-collapsible\" id=\"pt-cv-view-e50ed2al93\"><div data-id=\"pt-cv-page-1\" class=\"pt-cv-page\" data-cvc=\"1\"><div class=\"panel-group\" id=\"14fedfcbq4\"><div class=\"panel panel-default pt-cv-content-item pt-cv-1-col\" >\r\n<div class=\"panel-heading pt-cv-title\">\r\n    <a class=\"panel-title\" data-toggle=\"cvcollapse\" data-parent=\"#14fedfcbq4\" data-target=\"#e0df4dci34\" href='https:\/\/www.promorgins.ch\/?p=3821' onclick='event.preventDefault()'>\r\n\t\tCommande Bois de chauffage 2025\t<\/a>\r\n\t<\/div>\r\n<div id=\"e0df4dci34\" class=\"panel-collapse collapse in\">\r\n\t<div class=\"panel-body\">\r\n\t\t<a href=\"https:\/\/www.promorgins.ch\/?p=3821\" class=\"_self pt-cv-href-thumbnail pt-cv-thumb-default\" target=\"_self\" ><\/a>\n<div class=\"pt-cv-content\">Ch\u00e8res et chers Membres de ProMorgins, Le Comit\u00e9 a pens\u00e9 utile de proposer \u00e0 ses membres un service de commande ...<br \/><div class=\"pt-cv-rmwrap\"><a href=\"https:\/\/www.promorgins.ch\/?p=3821\" class=\"_self pt-cv-readmore btn btn-success\" target=\"_self\">Lire La Suite\u2026<\/a><\/div><\/div>\n<div class=\"pt-cv-meta-fields\"><span class=\"entry-date\"> <time datetime=\"2025-09-10T22:23:00+02:00\">10 septembre 2025<\/time><\/span><span> \/ <\/span><span class=\"terms\"> <a href='https:\/\/www.promorgins.ch\/?cat=4' title='Informations' class='pt-cv-tax-informations'>Informations<\/a><\/span><\/div>\t<\/div>\r\n<\/div><\/div>\n<div class=\"panel panel-default pt-cv-content-item pt-cv-1-col\" >\r\n<div class=\"panel-heading pt-cv-title\">\r\n    <a class=\"panel-title\" data-toggle=\"cvcollapse\" data-parent=\"#14fedfcbq4\" data-target=\"#f557e52alk\" href='https:\/\/www.promorgins.ch\/?p=3297' onclick='event.preventDefault()'>\r\n\t\tNOUVELLE LOI SUR L&rsquo;ENERGIE &#8211; S\u00e9ance du 16 ao\u00fbt 2025 \u00e0 Morgins\t<\/a>\r\n\t<\/div>\r\n<div id=\"f557e52alk\" class=\"panel-collapse collapse \">\r\n\t<div class=\"panel-body\">\r\n\t\t<a href=\"https:\/\/www.promorgins.ch\/?p=3297\" class=\"_self pt-cv-href-thumbnail pt-cv-thumb-default\" target=\"_self\" ><img loading=\"lazy\" decoding=\"async\" width=\"150\" height=\"150\" src=\"https:\/\/www.promorgins.ch\/wp-content\/uploads\/2025\/02\/LoiEnergie-150x150.jpg\" class=\"pt-cv-thumbnail\" alt=\"\" data-attachment-id=\"3278\" data-permalink=\"https:\/\/www.promorgins.ch\/?attachment_id=3278\" data-orig-file=\"https:\/\/www.promorgins.ch\/wp-content\/uploads\/2025\/02\/LoiEnergie.jpg\" data-orig-size=\"562,380\" data-comments-opened=\"0\" data-image-meta=\"{&quot;aperture&quot;:&quot;0&quot;,&quot;credit&quot;:&quot;&quot;,&quot;camera&quot;:&quot;&quot;,&quot;caption&quot;:&quot;&quot;,&quot;created_timestamp&quot;:&quot;0&quot;,&quot;copyright&quot;:&quot;&quot;,&quot;focal_length&quot;:&quot;0&quot;,&quot;iso&quot;:&quot;0&quot;,&quot;shutter_speed&quot;:&quot;0&quot;,&quot;title&quot;:&quot;&quot;,&quot;orientation&quot;:&quot;0&quot;}\" data-image-title=\"LoiEnergie\" data-image-description=\"\" data-image-caption=\"\" data-medium-file=\"https:\/\/www.promorgins.ch\/wp-content\/uploads\/2025\/02\/LoiEnergie-300x203.jpg\" data-large-file=\"https:\/\/www.promorgins.ch\/wp-content\/uploads\/2025\/02\/LoiEnergie.jpg\" \/><\/a>\n<div class=\"pt-cv-content\">Chauffage \u00e0 mazout ou \u00e0 l&rsquo;\u00e9lectricit\u00e9 : Quelles r\u00e8gles ? Quels changements ? R\u00e9fection de toiture : Quelles nouvelles obligations ...<br \/><div class=\"pt-cv-rmwrap\"><a href=\"https:\/\/www.promorgins.ch\/?p=3297\" class=\"_self pt-cv-readmore btn btn-success\" target=\"_self\">Lire La Suite\u2026<\/a><\/div><\/div>\n<div class=\"pt-cv-meta-fields\"><span class=\"entry-date\"> <time datetime=\"2025-08-26T19:59:22+02:00\">26 ao\u00fbt 2025<\/time><\/span><span> \/ <\/span><span class=\"terms\"> <a href='https:\/\/www.promorgins.ch\/?cat=4' title='Informations' class='pt-cv-tax-informations'>Informations<\/a><\/span><\/div>\t<\/div>\r\n<\/div><\/div>\n<div class=\"panel panel-default pt-cv-content-item pt-cv-1-col\" >\r\n<div class=\"panel-heading pt-cv-title\">\r\n    <a class=\"panel-title\" data-toggle=\"cvcollapse\" data-parent=\"#14fedfcbq4\" data-target=\"#d499745sng\" href='https:\/\/www.promorgins.ch\/?p=624' onclick='event.preventDefault()'>\r\n\t\tCommande de mazout\t<\/a>\r\n\t<\/div>\r\n<div id=\"d499745sng\" class=\"panel-collapse collapse \">\r\n\t<div class=\"panel-body\">\r\n\t\t<a href=\"https:\/\/www.promorgins.ch\/?p=624\" class=\"_self pt-cv-href-thumbnail pt-cv-thumb-default\" target=\"_self\" ><\/a>\n<div class=\"pt-cv-content\">Ch\u00e8res et chers membres de Promorgins, Fid\u00e8le \u00e0 sa tradition, Promorgins s\u2019engage \u00e0 essayer d\u2019obtenir pour ses membres le meilleur ...<br \/><div class=\"pt-cv-rmwrap\"><a href=\"https:\/\/www.promorgins.ch\/?p=624\" class=\"_self pt-cv-readmore btn btn-success\" target=\"_self\">Lire La Suite\u2026<\/a><\/div><\/div>\n<div class=\"pt-cv-meta-fields\"><span class=\"entry-date\"> <time datetime=\"2025-04-01T17:16:00+02:00\">1 avril 2025<\/time><\/span><span> \/ <\/span><span class=\"terms\"> <a href='https:\/\/www.promorgins.ch\/?cat=4' title='Informations' class='pt-cv-tax-informations'>Informations<\/a><\/span><\/div>\t<\/div>\r\n<\/div><\/div>\n<div class=\"panel panel-default pt-cv-content-item pt-cv-1-col\" >\r\n<div class=\"panel-heading pt-cv-title\">\r\n    <a class=\"panel-title\" data-toggle=\"cvcollapse\" data-parent=\"#14fedfcbq4\" data-target=\"#6ade49fgcs\" href='https:\/\/www.promorgins.ch\/?p=1827' onclick='event.preventDefault()'>\r\n\t\tNouvelles conditions du Multi Pass &#8211; PROMORGINS A REAGIT !\t<\/a>\r\n\t<\/div>\r\n<div id=\"6ade49fgcs\" class=\"panel-collapse collapse \">\r\n\t<div class=\"panel-body\">\r\n\t\t<a href=\"https:\/\/www.promorgins.ch\/?p=1827\" class=\"_self pt-cv-href-thumbnail pt-cv-thumb-default\" target=\"_self\" ><\/a>\n<div class=\"pt-cv-content\">Le t\u00e9l\u00e9ph\u00e9rique de Champ\u00e9ry et la t\u00e9l\u00e9cabine de Morgins ne seront plus accessibles gratuitement pour les pi\u00e9tons d\u00e9tenteurs du Multi ...<br \/><div class=\"pt-cv-rmwrap\"><a href=\"https:\/\/www.promorgins.ch\/?p=1827\" class=\"_self pt-cv-readmore btn btn-success\" target=\"_self\">Lire La Suite\u2026<\/a><\/div><\/div>\n<div class=\"pt-cv-meta-fields\"><span class=\"entry-date\"> <time datetime=\"2024-06-02T10:50:57+02:00\">2 juin 2024<\/time><\/span><span> \/ <\/span><span class=\"terms\"> <a href='https:\/\/www.promorgins.ch\/?cat=4' title='Informations' class='pt-cv-tax-informations'>Informations<\/a><\/span><\/div>\t<\/div>\r\n<\/div><\/div>\n<div class=\"panel panel-default pt-cv-content-item pt-cv-1-col\" >\r\n<div class=\"panel-heading pt-cv-title\">\r\n    <a class=\"panel-title\" data-toggle=\"cvcollapse\" data-parent=\"#14fedfcbq4\" data-target=\"#86afcf1rim\" href='https:\/\/www.promorgins.ch\/?p=1807' onclick='event.preventDefault()'>\r\n\t\tLe Village pr\u00e9sente son Visage de Demain (suite s\u00e9ance d&rsquo;information du 14.06.2024)\t<\/a>\r\n\t<\/div>\r\n<div id=\"86afcf1rim\" class=\"panel-collapse collapse \">\r\n\t<div class=\"panel-body\">\r\n\t\t<a href=\"https:\/\/www.promorgins.ch\/?p=1807\" class=\"_self pt-cv-href-thumbnail pt-cv-thumb-default\" target=\"_self\" ><\/a>\n<div class=\"pt-cv-content\">Future place du village &#8211; images Article de presse Retrouvez plus d&rsquo;informations sur notre site, onglet \u00ab\u00a0Troistorrents-Morgins infos\u00a0\u00bb ...<br \/><div class=\"pt-cv-rmwrap\"><a href=\"https:\/\/www.promorgins.ch\/?p=1807\" class=\"_self pt-cv-readmore btn btn-success\" target=\"_self\">Lire La Suite\u2026<\/a><\/div><\/div>\n<div class=\"pt-cv-meta-fields\"><span class=\"entry-date\"> <time datetime=\"2024-06-02T10:15:47+02:00\">2 juin 2024<\/time><\/span><span> \/ <\/span><span class=\"terms\"> <a href='https:\/\/www.promorgins.ch\/?cat=4' title='Informations' class='pt-cv-tax-informations'>Informations<\/a><\/span><\/div>\t<\/div>\r\n<\/div><\/div><\/div><\/div><\/div><\/div>\n\n\n\n<p><\/p>\n","protected":false},"excerpt":{"rendered":"<p>Propri\u00e9taires \u00e0 Morgins, rejoignez l&rsquo;Association PROMORGINS ! Vous \u00eates propri\u00e9taires d\u2019un chalet ou d\u2019un appartement \u00e0 Morgins ? Voulez-vous contribuer \u00e0 l\u2019am\u00e9lioration de votre station et d\u00e9fendre vos int\u00e9r\u00eats? PROMORGINS EST L&rsquo;ASSOCIATION QU&rsquo;IL VOUS FAUT ! Nous avons pour missions &hellip; <a href=\"https:\/\/www.promorgins.ch\/\">Continuer la lecture <span class=\"meta-nav\">&rarr;<\/span><\/a><\/p>\n","protected":false},"author":3,"featured_media":0,"parent":0,"menu_order":0,"comment_status":"closed","ping_status":"closed","template":"","meta":{"jetpack_post_was_ever_published":false,"footnotes":""},"jetpack_shortlink":"https:\/\/wp.me\/P3Czlz-8r","jetpack_sharing_enabled":true,"_links":{"self":[{"href":"https:\/\/www.promorgins.ch\/index.php?rest_route=\/wp\/v2\/pages\/523"}],"collection":[{"href":"https:\/\/www.promorgins.ch\/index.php?rest_route=\/wp\/v2\/pages"}],"about":[{"href":"https:\/\/www.promorgins.ch\/index.php?rest_route=\/wp\/v2\/types\/page"}],"author":[{"embeddable":true,"href":"https:\/\/www.promorgins.ch\/index.php?rest_route=\/wp\/v2\/users\/3"}],"replies":[{"embeddable":true,"href":"https:\/\/www.promorgins.ch\/index.php?rest_route=%2Fwp%2Fv2%2Fcomments&post=523"}],"version-history":[{"count":17,"href":"https:\/\/www.promorgins.ch\/index.php?rest_route=\/wp\/v2\/pages\/523\/revisions"}],"predecessor-version":[{"id":3376,"href":"https:\/\/www.promorgins.ch\/index.php?rest_route=\/wp\/v2\/pages\/523\/revisions\/3376"}],"wp:attachment":[{"href":"https:\/\/www.promorgins.ch\/index.php?rest_route=%2Fwp%2Fv2%2Fmedia&parent=523"}],"curies":[{"name":"wp","href":"https:\/\/api.w.org\/{rel}","templated":true}]}}